{"id":47,"date":"2021-07-20T14:58:17","date_gmt":"2021-07-20T12:58:17","guid":{"rendered":"https:\/\/pflegeinsel-neuhaus.de\/de\/?page_id=47"},"modified":"2021-10-24T13:44:38","modified_gmt":"2021-10-24T11:44:38","slug":"datenschutz","status":"publish","type":"page","link":"https:\/\/pflegeinsel-neuhaus.de\/de\/datenschutz\/","title":{"rendered":"Datenschutz"},"content":{"rendered":"<p>[et_pb_section fb_built=&#8220;1&#8243; custom_padding_last_edited=&#8220;off|desktop&#8220; admin_label=&#8220;Wohnung&#8220; _builder_version=&#8220;4.11.3&#8243; background_color=&#8220;#E9E5DF&#8220; width_phone=&#8220;100%&#8220; width_last_edited=&#8220;off|desktop&#8220; custom_padding=&#8220;0px||||false|false&#8220; custom_padding_phone=&#8220;|||0vw|false|false&#8220; locked=&#8220;off&#8220; global_colors_info=&#8220;{}&#8220;][\/et_pb_section][et_pb_section fb_built=&#8220;1&#8243; custom_padding_last_edited=&#8220;on|phone&#8220; _builder_version=&#8220;4.11.4&#8243; _module_preset=&#8220;default&#8220; custom_padding=&#8220;|50px||50px|false|true&#8220; custom_padding_tablet=&#8220;|50px||50px|false|true&#8220; custom_padding_phone=&#8220;|10px||10px|false|true&#8220; top_divider_style=&#8220;wave2&#8243; top_divider_color=&#8220;#E9E5DF&#8220; global_colors_info=&#8220;{}&#8220;][et_pb_row column_structure=&#8220;1_2,1_2&#8243; _builder_version=&#8220;4.11.4&#8243; _module_preset=&#8220;default&#8220; width=&#8220;100%&#8220; global_colors_info=&#8220;{}&#8220;][et_pb_column type=&#8220;1_2&#8243; _builder_version=&#8220;4.11.4&#8243; _module_preset=&#8220;default&#8220; global_colors_info=&#8220;{}&#8220;][et_pb_text _builder_version=&#8220;4.11.4&#8243; text_font_size=&#8220;18px&#8220; text_line_height=&#8220;1.8em&#8220; header_2_font=&#8220;Unna||||||||&#8220; header_2_text_color=&#8220;#60544F&#8220; header_2_font_size=&#8220;2vw&#8220; header_3_font=&#8220;|||on|||||&#8220; header_3_text_color=&#8220;#B0A4A0&#8243; header_3_font_size=&#8220;2vw&#8220; text_orientation=&#8220;center&#8220; max_width=&#8220;750px&#8220; module_alignment=&#8220;center&#8220; custom_margin_tablet=&#8220;&#8220; custom_margin_phone=&#8220;40px||||false|false&#8220; custom_margin_last_edited=&#8220;on|phone&#8220; hover_enabled=&#8220;0&#8243; text_font_size_tablet=&#8220;16px&#8220; text_font_size_phone=&#8220;15px&#8220; text_font_size_last_edited=&#8220;on|phone&#8220; header_2_font_size_tablet=&#8220;48px&#8220; header_2_font_size_phone=&#8220;32px&#8220; header_2_font_size_last_edited=&#8220;on|phone&#8220; header_3_font_size_tablet=&#8220;2vw&#8220; header_3_font_size_phone=&#8220;8vw&#8220; header_3_font_size_last_edited=&#8220;on|phone&#8220; global_colors_info=&#8220;{}&#8220; sticky_enabled=&#8220;0&#8243;]<\/p>\n<h3 style=\"text-align: left;\">DATENSCHUTZ<\/h3>\n<p>[\/et_pb_text][et_pb_text _builder_version=&#8220;4.11.4&#8243; _module_preset=&#8220;default&#8220; text_text_color=&#8220;#60544F&#8220; global_colors_info=&#8220;{}&#8220;]<\/p>\n<p>Die Adresse unserer Website ist: https:\/\/www.pflegeinsel-neuhaus.de<\/p>\n<h3>1. Verwendungszweck<\/h3>\n<p>Alle Ihre personenbezogenen Daten werden unter Beachtung der einschl\u00e4gigen Vorschriften des Bundesdatenschutzgesetzes (BDSG), des Telemediengesetzes (TMG) und des Telekommunikationsgesetzes (TKG) von uns gespeichert und verarbeitet.<\/p>\n<p>Die uns zur Verf\u00fcgung gestellten Informationen helfen uns, unseren Service und unsere Produkte individuell zu gestalten und st\u00e4ndig zu verbessern. Die Daten dienen vorrangig dazu, Ihnen eine Nutzung unseres Homepage zu erm\u00f6glichen (z.B. Suchfunktion, Partner-Bereich, Download von Brosch\u00fcren). Wir verwenden Ihre personenbezogenen Daten weiterhin zur Abwicklung von Bestellungen, zur Lieferung von Waren, f\u00fcr die Abwicklung von Zahlungen und, um Sie \u00fcber Bestellungen, Produkte, Dienstleistungen und Angebote zu informieren.<\/p>\n<h3>2. Weitergabe an Dritte<\/h3>\n<p>Wir geben Ihre personenbezogenen Daten einschlie\u00dflich Ihrer Anschrift und E-Mail-Adresse nicht ohne Ihre ausdr\u00fcckliche und jederzeit widerrufliche Einwilligung an Dritte weiter.<\/p>\n<p>Lediglich soweit wir uns f\u00fcr die Abwicklung bestimmter Vorg\u00e4nge Dritter bedienen (z.B. Versendung von Ware oder von Werbematerialien), werden wir diesen die f\u00fcr die jeweilige Dienstleistung erforderlichen Daten (z.B. Ihre Versandanschrift) zur Verf\u00fcgung zu stellen. Die so weitergegebenen Daten d\u00fcrfen vom Empf\u00e4nger ausschlie\u00dflich zur Erf\u00fcllung seiner Aufgabe verwendet werden. Eine anderweitige Nutzung der Informationen ist ihm nicht erlaubt.<\/p>\n<h3>3. Sicherheit<\/h3>\n<p>Wir haben technische und organisatorische Ma\u00dfnahmen getroffen, um Ihre Daten gegen vors\u00e4tzliche oder zuf\u00e4llige Manipulation, Zugriff unberechtigter Dritter, Verlust, Zerst\u00f6rung oder Ver\u00e4nderung zu sch\u00fctzen.<\/p>\n<h3>4. Cookies<\/h3>\n<p>Soweit Sie Ihren Browser so eingestellt haben, dass er Cookies annimmt, setzen wir f\u00fcr angemeldete Kunden ein Cookie f\u00fcr die sogenannte Session-ID. Dieses Cookie wird sofort beim Schlie\u00dfen des Browsers gel\u00f6scht. Dieses Cookie erm\u00f6glicht es, Ihre Anmeldung f\u00fcr die Dauer der Sitzung aufrecht zu erhalten.<\/p>\n<p>Beim Surfen ohne Anmeldung erfassen wir keine personenbezogenen Daten, sondern setzen lediglich ein Cookie f\u00fcr die sogenannte Session-ID. Dieses Cookie wird ebenfalls sofort nach dem Schlie\u00dfen des Browsers gel\u00f6scht.<\/p>\n<h3>5. Nutzung von Google Analytics<\/h3>\n<p>Diese Website benutzt Google Analytics, einen Webanalysedienst der Google Inc. (\u201eGoogle\u201c). Google Analytics verwendet sog. \u201eCookies\u201c, Textdateien, die auf Ihrem Computer gespeichert werden und die eine Analyse der Benutzung der Website durch Sie erm\u00f6glichen. Diese Informationen werden ausschlie\u00dflich als kumulierte Daten an uns weitergegeben, die Trends in der allgemeinen Websitenutzung ausdr\u00fccken und sind damit nicht personenbezogen. Die durch den Cookie erzeugten Informationen \u00fcber Ihre Benutzung dieser Website werden in der Regel an einen Server von Google in den USA \u00fcbertragen und dort gespeichert. Im Falle der Aktivierung der IP-Anonymisierung auf dieser Webseite, wird Ihre IP-Adresse von Google jedoch innerhalb von Mitgliedstaaten der Europ\u00e4ischen Union oder in anderen Vertragsstaaten des Abkommens \u00fcber den Europ\u00e4ischen Wirtschaftsraum zuvor gek\u00fcrzt. Nur in Ausnahmef\u00e4llen wird die volle IP-Adresse an einen Server von Google in den USA \u00fcbertragen und dort gek\u00fcrzt. Im Auftrag des Betreibers dieser Website wird Google diese Informationen benutzen, um Ihre Nutzung der Website auszuwerten, um Reports \u00fcber die Websiteaktivit\u00e4ten zusammenzustellen und um weitere mit der Websitenutzung und der Internetnutzung verbundene Dienstleistungen gegen\u00fcber dem Websitebetreiber zu erbringen. Die im Rahmen von Google Analytics von Ihrem Browser \u00fcbermittelte IP-Adresse wird nicht mit anderen Daten von Google zusammengef\u00fchrt.<\/p>\n<p>N\u00e4here Informationen zu Nutzungsbedingungen und Datenschutz finden Sie unter https:\/\/www.google.com\/analytics\/terms\/de.html bzw. unter https:\/\/www.google.com\/intl\/de\/analytics\/privacyoverview.html. Wir weisen Sie darauf hin, dass auf dieser Webseite Google Analytics um den Code \u201ega(\u2018set\u2019, \u2018anonymizeIp\u2018, true);\u201c erweitert wurde, um eine anonymisierte Erfassung von IP-Adressen (sog. IP-Masking) zu gew\u00e4hrleisten.<\/p>\n<h3>Widerspruchsrecht<\/h3>\n<p>Sie k\u00f6nnen die Speicherung der Cookies durch eine entsprechende Einstellung Ihrer Browser-Software verhindern; wir weisen Sie jedoch darauf hin, dass Sie in diesem Fall gegebenenfalls nicht s\u00e4mtliche Funktionen dieser Website vollumf\u00e4nglich werden nutzen k\u00f6nnen. Sie k\u00f6nnen dar\u00fcber hinaus die Erfassung der durch das Cookie erzeugten und auf Ihre Nutzung der Website bezogenen Daten (inkl. Ihrer IP-Adresse) an Google sowie die Verarbeitung dieser Daten durch Google verhindern, indem sie das unter dem folgenden Link (https:\/\/tools.google.com\/dlpage\/gaoptout?hl=de) verf\u00fcgbare Browser-Plugin herunterladen und installieren.<\/p>\n<p>&nbsp;<\/p>\n<p>[\/et_pb_text][\/et_pb_column][et_pb_column type=&#8220;1_2&#8243; _builder_version=&#8220;4.11.4&#8243; _module_preset=&#8220;default&#8220; global_colors_info=&#8220;{}&#8220;][et_pb_text _builder_version=&#8220;4.11.4&#8243; _module_preset=&#8220;default&#8220; text_text_color=&#8220;#60544F&#8220; global_colors_info=&#8220;{}&#8220;]<\/p>\n<h3>6. Ansprechpartner f\u00fcr Datenschutz<\/h3>\n<p>Sofern innerhalb des Internetangebotes die M\u00f6glichkeit zur Eingabe pers\u00f6nlicher oder gesch\u00e4ftlicher Daten (Emailadressen, Namen, Anschriften) besteht, so erfolgt die Preisgabe dieser Daten seitens des Nutzers auf ausdr\u00fccklich freiwilliger Basis. Bei Fragen zur Erhebung, Verarbeitung oder Nutzung Ihrer personenbezogenen Daten, bei Ausk\u00fcnften, Berichtigung, Sperrung oder L\u00f6schung von Daten sowie Widerruf erteilter Einwilligungen wenden Sie sich bitte an:<\/p>\n<p><span>Pflegeinsel Neuhaus<br \/>Bahnhofstra\u00dfe 1<\/span><br \/><span>91284 Neuhaus a.d. Pegnitz<\/span><br \/><span>Tel.: 09156 927676<\/span><\/p>\n<h3>Datenschutzerkl\u00e4rung f\u00fcr Facebook<\/h3>\n<p>Unsere Website verwendet Funktionen von Facebook Inc., 1601 S. California Ave, Palo Alto, CA 94304, USA . Bei Aufruf unserer Seiten mit Facebook-Plug-Ins wird eine Verbindung zwischen Ihrem Browser und den Servern von Facebook aufgebaut. Dabei werden bereits Daten an Facebook \u00fcbertragen. Besitzen Sie einen Facebook-Account, k\u00f6nnen diese Daten damit verkn\u00fcpft werden. Wenn Sie keine Zuordnung dieser Daten zu Ihrem Facebook-Account w\u00fcnschen, loggen Sie sich bitte vor dem Besuch unserer Seite bei Facebook aus. Interaktionen, insbesondere das Nutzen einer Kommentarfunktion oder das Anklicken eines \u201eLike\u201c- oder \u201eTeilen\u201c-Buttons werden ebenfalls an Facebook weitergegeben. Mehr erfahren Sie unter https:\/\/de-de.facebook.com\/about\/privacy.<\/p>\n<p>Quelle: Muster-Datenschutzerkl\u00e4rung von anwalt.de<\/p>\n<h3>Datenschutzerkl\u00e4rung f\u00fcr die Nutzung von YouTube<\/h3>\n<p>Unsere Webseite nutzt Plugins der von Google betriebenen Seite YouTube. Betreiber der Seiten ist die YouTube, LLC, 901 Cherry Ave., San Bruno, CA 94066, USA. Wenn Sie eine unserer mit einem YouTube-Plugin ausgestatteten Seiten besuchen, wird eine Verbindung zu den Servern von YouTube hergestellt. Dabei wird dem Youtube-Server mitgeteilt, welche unserer Seiten Sie besucht haben.<\/p>\n<p>Wenn Sie in Ihrem YouTube-Account eingeloggt sind erm\u00f6glichen Sie YouTube, Ihr Surfverhalten direkt Ihrem pers\u00f6nlichen Profil zuzuordnen. Dies k\u00f6nnen Sie verhindern, indem Sie sich aus Ihrem YouTube-Account ausloggen.<\/p>\n<p>Weitere Informationen zum Umgang von Nutzerdaten finden Sie in der Datenschutzerkl\u00e4rung von YouTube unter https:\/\/www.google.de\/intl\/de\/policies\/privacy.<\/p>\n<h3>Haftung f\u00fcr Inhalte<\/h3>\n<p>Die Inhalte unserer Seiten wurden mit gr\u00f6\u00dfter Sorgfalt erstellt. F\u00fcr die Richtigkeit, Vollst\u00e4ndigkeit und Aktualit\u00e4t der Inhalte k\u00f6nnen wir jedoch keine Gew\u00e4hr \u00fcbernehmen. Als Diensteanbieter sind wir gem\u00e4\u00df \u00a7 7 Abs.1 TMG f\u00fcr eigene Inhalte auf diesen Seiten nach den allgemeinen Gesetzen verantwortlich. Nach \u00a7\u00a7 8 bis 10 TMG sind wir als Diensteanbieter jedoch nicht verpflichtet, \u00fcbermittelte oder gespeicherte fremde Informationen zu \u00fcberwachen oder nach Umst\u00e4nden zu forschen, die auf eine rechtswidrige T\u00e4tigkeit hinweisen. Verpflichtungen zur Entfernung oder Sperrung der Nutzung von Informationen nach den allgemeinen Gesetzen bleiben hiervon unber\u00fchrt. Eine diesbez\u00fcgliche Haftung ist jedoch erst ab dem Zeitpunkt der Kenntnis einer konkreten Rechtsverletzung m\u00f6glich. Bei Bekanntwerden von entsprechenden Rechtsverletzungen werden wir diese Inhalte umgehend entfernen.<\/p>\n<h3>Haftung f\u00fcr Links<\/h3>\n<p>Unser Angebot enth\u00e4lt Links zu externen Webseiten Dritter, auf deren Inhalte wir keinen Einfluss haben. Deshalb k\u00f6nnen wir f\u00fcr diese fremden Inhalte auch keine Gew\u00e4hr \u00fcbernehmen. F\u00fcr die Inhalte der verlinkten Seiten ist stets der jeweilige Anbieter oder Betreiber der Seiten verantwortlich. Die verlinkten Seiten wurden zum Zeitpunkt der Verlinkung auf m\u00f6gliche Rechtsverst\u00f6\u00dfe \u00fcberpr\u00fcft. Rechtswidrige Inhalte waren zum Zeitpunkt der Verlinkung nicht erkennbar. Eine permanente inhaltliche Kontrolle der verlinkten Seiten ist jedoch ohne konkrete Anhaltspunkte einer Rechtsverletzung nicht zumutbar. Bei Bekanntwerden von Rechtsverletzungen werden wir derartige Links umgehend entfernen.<\/p>\n<h3>Urheberrecht<\/h3>\n<p>Die durch die Seitenbetreiber erstellten Inhalte und Werke auf diesen Seiten unterliegen dem deutschen Urheberrecht. Die Vervielf\u00e4ltigung, Bearbeitung, Verbreitung und jede Art der Verwertung au\u00dferhalb der Grenzen des Urheberrechtes bed\u00fcrfen der schriftlichen Zustimmung des jeweiligen Autors bzw. Erstellers. Downloads und Kopien dieser Seite sind nur f\u00fcr den privaten, nicht kommerziellen Gebrauch gestattet. Soweit die Inhalte auf dieser Seite nicht vom Betreiber erstellt wurden, werden die Urheberrechte Dritter beachtet. Insbesondere werden Inhalte Dritter als solche gekennzeichnet. Sollten Sie trotzdem auf eine Urheberrechtsverletzung aufmerksam werden, bitten wir um einen entsprechenden Hinweis. Bei Bekanntwerden von Rechtsverletzungen werden wir derartige Inhalte umgehend entfernen.<\/p>\n<p>&nbsp;<\/p>\n<p>[\/et_pb_text][\/et_pb_column][\/et_pb_row][\/et_pb_section][et_pb_section fb_built=&#8220;1&#8243; custom_padding_last_edited=&#8220;on|phone&#8220; disabled_on=&#8220;off|off|off&#8220; admin_label=&#8220;Call To Action&#8220; _builder_version=&#8220;4.11.4&#8243; background_color=&#8220;#E9E5DF&#8220; background_enable_image=&#8220;off&#8220; background_size=&#8220;contain&#8220; background_position=&#8220;center_left&#8220; custom_margin=&#8220;||||false|false&#8220; custom_padding=&#8220;||0px||false|false&#8220; custom_padding_tablet=&#8220;||0px||false|false&#8220; custom_padding_phone=&#8220;||30px||false|false&#8220; top_divider_style=&#8220;wave2&#8243; top_divider_color=&#8220;#FFFFFF&#8220; top_divider_arrangement=&#8220;above_content&#8220; bottom_divider_flip=&#8220;horizontal&#8220; background_last_edited=&#8220;on|phone&#8220; background_enable_image_phone=&#8220;off&#8220; border_color_all=&#8220;#f1f5f7&#8243; border_color_bottom=&#8220;#941E45&#8243; global_colors_info=&#8220;{}&#8220;][\/et_pb_section]<\/p>\n","protected":false},"excerpt":{"rendered":"<p>DATENSCHUTZDie Adresse unserer Website ist: https:\/\/www.pflegeinsel-neuhaus.de 1. Verwendungszweck Alle Ihre personenbezogenen Daten werden unter Beachtung der einschl\u00e4gigen Vorschriften des Bundesdatenschutzgesetzes (BDSG), des Telemediengesetzes (TMG) und des Telekommunikationsgesetzes (TKG) von uns gespeichert und verarbeitet. Die uns zur Verf\u00fcgung gestellten Informationen helfen uns, unseren Service und unsere Produkte individuell zu gestalten und st\u00e4ndig zu verbessern. Die Daten [&hellip;]<\/p>\n","protected":false},"author":1,"featured_media":0,"parent":0,"menu_order":0,"comment_status":"closed","ping_status":"closed","template":"","meta":{"_et_pb_use_builder":"on","_et_pb_old_content":"<!-- wp:divi\/placeholder \/-->","_et_gb_content_width":"","footnotes":""},"class_list":["post-47","page","type-page","status-publish","hentry"],"_links":{"self":[{"href":"https:\/\/pflegeinsel-neuhaus.de\/de\/wp-json\/wp\/v2\/pages\/47","targetHints":{"allow":["GET"]}}],"collection":[{"href":"https:\/\/pflegeinsel-neuhaus.de\/de\/wp-json\/wp\/v2\/pages"}],"about":[{"href":"https:\/\/pflegeinsel-neuhaus.de\/de\/wp-json\/wp\/v2\/types\/page"}],"author":[{"embeddable":true,"href":"https:\/\/pflegeinsel-neuhaus.de\/de\/wp-json\/wp\/v2\/users\/1"}],"replies":[{"embeddable":true,"href":"https:\/\/pflegeinsel-neuhaus.de\/de\/wp-json\/wp\/v2\/comments?post=47"}],"version-history":[{"count":10,"href":"https:\/\/pflegeinsel-neuhaus.de\/de\/wp-json\/wp\/v2\/pages\/47\/revisions"}],"predecessor-version":[{"id":830,"href":"https:\/\/pflegeinsel-neuhaus.de\/de\/wp-json\/wp\/v2\/pages\/47\/revisions\/830"}],"wp:attachment":[{"href":"https:\/\/pflegeinsel-neuhaus.de\/de\/wp-json\/wp\/v2\/media?parent=47"}],"curies":[{"name":"wp","href":"https:\/\/api.w.org\/{rel}","templated":true}]}}